{"id":5550,"date":"2016-12-03T15:08:37","date_gmt":"2016-12-03T15:08:37","guid":{"rendered":"http:\/\/demo.wpzoom.com\/inspiro\/?page_id=5550"},"modified":"2023-03-19T23:56:48","modified_gmt":"2023-03-19T20:56:48","slug":"homepage-2","status":"publish","type":"page","link":"https:\/\/www.mustafasevdim.com\/","title":{"rendered":"Ana Sayfa"},"content":{"rendered":"\t\t<div data-elementor-type=\"wp-page\" data-elementor-id=\"5550\" class=\"elementor elementor-5550\">\n\t\t\t\t\t\t<section class=\"elementor-section elementor-top-section elementor-element elementor-element-f4d691f elementor-section-boxed elementor-section-height-default elementor-section-height-default\" data-id=\"f4d691f\" data-element_type=\"section\" data-e-type=\"section\" data-settings=\"{&quot;background_background&quot;:&quot;classic&quot;}\">\n\t\t\t\t\t\t<div class=\"elementor-container elementor-column-gap-default\">\n\t\t\t\t\t<div class=\"elementor-column elementor-col-100 elementor-top-column elementor-element elementor-element-43a24046\" data-id=\"43a24046\" data-element_type=\"column\" data-e-type=\"column\">\n\t\t\t<div class=\"elementor-widget-wrap\">\n\t\t\t\t\t\t\t<\/div>\n\t\t<\/div>\n\t\t\t\t\t<\/div>\n\t\t<\/section>\n\t\t\t\t<section class=\"elementor-section elementor-top-section elementor-element elementor-element-7a196d08 elementor-section-boxed elementor-section-height-default elementor-section-height-default\" data-id=\"7a196d08\" data-element_type=\"section\" data-e-type=\"section\" data-settings=\"{&quot;background_background&quot;:&quot;classic&quot;}\">\n\t\t\t\t\t\t<div class=\"elementor-container elementor-column-gap-no\">\n\t\t\t\t\t<div class=\"elementor-column elementor-col-100 elementor-top-column elementor-element elementor-element-4193189e\" data-id=\"4193189e\" data-element_type=\"column\" data-e-type=\"column\">\n\t\t\t<div class=\"elementor-widget-wrap elementor-element-populated\">\n\t\t\t\t\t\t<div class=\"elementor-element elementor-element-76a03ea3 elementor-widget elementor-widget-heading\" data-id=\"76a03ea3\" data-element_type=\"widget\" data-e-type=\"widget\" data-widget_type=\"heading.default\">\n\t\t\t\t<div class=\"elementor-widget-container\">\n\t\t\t\t\t<h2 class=\"elementor-heading-title elementor-size-default\">Blog<\/h2>\t\t\t\t<\/div>\n\t\t\t\t<\/div>\n\t\t\t\t<div class=\"elementor-element elementor-element-3aab6ec4 elementor-grid-3 elementor-grid-tablet-2 elementor-grid-mobile-1 elementor-widget elementor-widget-wpzoom-elementor-addons-posts-grid\" data-id=\"3aab6ec4\" data-element_type=\"widget\" data-e-type=\"widget\" data-settings=\"{&quot;columns&quot;:&quot;3&quot;,&quot;columns_tablet&quot;:&quot;2&quot;,&quot;columns_mobile&quot;:&quot;1&quot;}\" data-widget_type=\"wpzoom-elementor-addons-posts-grid.default\">\n\t\t\t\t<div class=\"elementor-widget-container\">\n\t\t\t\t\t\t\t<div \n\t\t\tclass=\"wpz-grid\" \n\t\t\tdata-uid=\"3aab6ec4\"\n\t\t\tdata-offset=\"3\"\n\t\t\tdata-posts-grid='{\"posts_per_page\":3,\"post_status\":\"publish\",\"paged\":1,\"post__not_in\":[],\"ignore_sticky_posts\":true,\"category_name\":\"\",\"no_found_rows\":true,\"orderby\":\"post_date\",\"order\":\"desc\",\"offset\":3,\"show_image\":\"yes\",\"post_thumbnail_size\":\"recent-thumbnail\",\"show_title\":\"yes\",\"title_tag\":\"h3\",\"meta_data\":[],\"show_excerpt\":\"yes\",\"excerpt_length\":25,\"show_read_more\":\"yes\",\"read_more_text\":\"Okumaya devam Et &rarr;\",\"grid_style\":\"1\",\"total\":0}'>\n\t\t\t\t\t\t<div class=\"wpz-grid-container elementor-grid wpz-grid-desktop-3  wpz-grid-tablet-2  wpz-grid-mobile-1 \">\n\t\t\t\t\n        <article id=\"post-7005\" class=\"wpz-post post-7005 post type-post status-publish format-standard has-post-thumbnail hentry category-blog tag-albert-renger-patzsch tag-beckman tag-george-grosz tag-otto-dix tag-weimar-cumhuriyeti tag-yeni-nesnellik\">\n         \n            <div class=\"post-grid-inner\">\n            \t\n            \t\t\t\t<div class=\"post-grid-thumbnail\">\n\t\t\t\t<a href=\"https:\/\/www.mustafasevdim.com\/index.php\/buyulu-gerceklik\/\" title=\"B\u00fcy\u00fcl\u00fc Ger\u00e7eklik\">\n\t\t\t\t\t<img fetchpriority=\"high\" decoding=\"async\" width=\"800\" height=\"568\" src=\"https:\/\/www.mustafasevdim.com\/wp-content\/uploads\/2023\/06\/Kapak-Fotografi-Siperlerde-Yemek-Zamani-1924.jpg\" class=\"attachment-recent-thumbnail size-recent-thumbnail wp-post-image\" alt=\"\" srcset=\"https:\/\/www.mustafasevdim.com\/wp-content\/uploads\/2023\/06\/Kapak-Fotografi-Siperlerde-Yemek-Zamani-1924.jpg 800w, https:\/\/www.mustafasevdim.com\/wp-content\/uploads\/2023\/06\/Kapak-Fotografi-Siperlerde-Yemek-Zamani-1924-300x213.jpg 300w, https:\/\/www.mustafasevdim.com\/wp-content\/uploads\/2023\/06\/Kapak-Fotografi-Siperlerde-Yemek-Zamani-1924-768x545.jpg 768w, https:\/\/www.mustafasevdim.com\/wp-content\/uploads\/2023\/06\/Kapak-Fotografi-Siperlerde-Yemek-Zamani-1924-500x355.jpg 500w, https:\/\/www.mustafasevdim.com\/wp-content\/uploads\/2023\/06\/Kapak-Fotografi-Siperlerde-Yemek-Zamani-1924-600x426.jpg 600w\" sizes=\"100vw\" \/>\t\t\t\t<\/a>\n\t\t\t<\/div>\n\t\t\n                <div class=\"post-grid-text-wrap\">\n               \t\t\t\t<h3 class=\"title\">\n\t\t\t<a href=\"https:\/\/www.mustafasevdim.com\/index.php\/buyulu-gerceklik\/\" title=\"B\u00fcy\u00fcl\u00fc Ger\u00e7eklik\">B\u00fcy\u00fcl\u00fc Ger\u00e7eklik<\/a>\n\t\t<\/h3>\n\t\t\t                \t                <div class=\"post-grid-excerpt\"><p>20. y\u00fczy\u0131la yakla\u015f\u0131rken sanat\u00e7\u0131lar r\u00f6nesans d\u00f6nemine k\u0131yasla, d\u00fcnyay\u0131 oldu\u011fu gibi de\u011fil, i\u00e7sel duygular\u0131n\u0131 ve fantezilerini ger\u00e7eklikten uzakla\u015farak ifade etmek istediler. D\u0131\u015favurumculuk (Ekspresyonizm) sanat\u0131n amac\u0131 ve&hellip;<\/p>\n<\/div>\t                <a class=\"read-more-btn\" href=\"https:\/\/www.mustafasevdim.com\/index.php\/buyulu-gerceklik\/\">Okumaya devam Et &rarr;<\/a>                <\/div>\n\n            <\/div><!-- .blog-inner -->\n           \n        <\/article>\n\n        \n        <article id=\"post-374\" class=\"wpz-post post-374 post type-post status-publish format-standard has-post-thumbnail hentry category-blog tag-fotograf tag-kitap tag-kultur tag-sanat tag-zen\">\n         \n            <div class=\"post-grid-inner\">\n            \t\n            \t\t\t\t<div class=\"post-grid-thumbnail\">\n\t\t\t\t<a href=\"https:\/\/www.mustafasevdim.com\/index.php\/fotograf-zihinsel-sey\/\" title=\"Foto\u011fraf Zihinsel \u015fey\">\n\t\t\t\t\t<img decoding=\"async\" width=\"1920\" height=\"1280\" src=\"https:\/\/www.mustafasevdim.com\/wp-content\/uploads\/2021\/01\/Fotograf-Zihinsel-Sey-1920X1280.jpg\" class=\"attachment-recent-thumbnail size-recent-thumbnail wp-post-image\" alt=\"\" srcset=\"https:\/\/www.mustafasevdim.com\/wp-content\/uploads\/2021\/01\/Fotograf-Zihinsel-Sey-1920X1280.jpg 1920w, https:\/\/www.mustafasevdim.com\/wp-content\/uploads\/2021\/01\/Fotograf-Zihinsel-Sey-1920X1280-300x200.jpg 300w, https:\/\/www.mustafasevdim.com\/wp-content\/uploads\/2021\/01\/Fotograf-Zihinsel-Sey-1920X1280-1024x683.jpg 1024w, https:\/\/www.mustafasevdim.com\/wp-content\/uploads\/2021\/01\/Fotograf-Zihinsel-Sey-1920X1280-768x512.jpg 768w, https:\/\/www.mustafasevdim.com\/wp-content\/uploads\/2021\/01\/Fotograf-Zihinsel-Sey-1920X1280-1536x1024.jpg 1536w, https:\/\/www.mustafasevdim.com\/wp-content\/uploads\/2021\/01\/Fotograf-Zihinsel-Sey-1920X1280-272x182.jpg 272w, https:\/\/www.mustafasevdim.com\/wp-content\/uploads\/2021\/01\/Fotograf-Zihinsel-Sey-1920X1280-500x333.jpg 500w, https:\/\/www.mustafasevdim.com\/wp-content\/uploads\/2021\/01\/Fotograf-Zihinsel-Sey-1920X1280-800x533.jpg 800w, https:\/\/www.mustafasevdim.com\/wp-content\/uploads\/2021\/01\/Fotograf-Zihinsel-Sey-1920X1280-1280x853.jpg 1280w, https:\/\/www.mustafasevdim.com\/wp-content\/uploads\/2021\/01\/Fotograf-Zihinsel-Sey-1920X1280-600x400.jpg 600w, https:\/\/www.mustafasevdim.com\/wp-content\/uploads\/2021\/01\/Fotograf-Zihinsel-Sey-1920X1280-1200x800.jpg 1200w\" sizes=\"100vw\" \/>\t\t\t\t<\/a>\n\t\t\t<\/div>\n\t\t\n                <div class=\"post-grid-text-wrap\">\n               \t\t\t\t<h3 class=\"title\">\n\t\t\t<a href=\"https:\/\/www.mustafasevdim.com\/index.php\/fotograf-zihinsel-sey\/\" title=\"Foto\u011fraf Zihinsel \u015fey\">Foto\u011fraf Zihinsel \u015fey<\/a>\n\t\t<\/h3>\n\t\t\t                \t                <div class=\"post-grid-excerpt\"><p>Cartier-Bresson \u2018un g\u00f6r\u00fcnt\u00fc kavray\u0131\u015f\u0131n\u0131 anlayabilmek i\u00e7in \u201cHerrigel&#8217;in ok\u00e7uluk deneyimini, onun foto\u011fraf yakla\u015f\u0131m\u0131na paralel okumay\u0131 denedim\u201d A. Tufan Palal\u0131.. A.Tufan Palal\u0131 , Roland Barthes\u2019\u0131n \u2018Camera Lucida\u2019&hellip;<\/p>\n<\/div>\t                <a class=\"read-more-btn\" href=\"https:\/\/www.mustafasevdim.com\/index.php\/fotograf-zihinsel-sey\/\">Okumaya devam Et &rarr;<\/a>                <\/div>\n\n            <\/div><!-- .blog-inner -->\n           \n        <\/article>\n\n        \n        <article id=\"post-386\" class=\"wpz-post post-386 post type-post status-publish format-standard has-post-thumbnail hentry category-blog tag-camera-obscura tag-fotograf tag-fotograf-makinesi tag-fotograf-tarihi\">\n         \n            <div class=\"post-grid-inner\">\n            \t\n            \t\t\t\t<div class=\"post-grid-thumbnail\">\n\t\t\t\t<a href=\"https:\/\/www.mustafasevdim.com\/index.php\/fotograf-makinesine-donusen-camera-obscura-i\/\" title=\"Foto\u011fraf Makinesine D\u00f6n\u00fc\u015fen Camera Obscura-I\">\n\t\t\t\t\t<img decoding=\"async\" width=\"1920\" height=\"1280\" src=\"https:\/\/www.mustafasevdim.com\/wp-content\/uploads\/2021\/01\/1-The-camera-obscura-sketched-by-Leonardo-da-Vinci.png\" class=\"attachment-recent-thumbnail size-recent-thumbnail wp-post-image\" alt=\"\" srcset=\"https:\/\/www.mustafasevdim.com\/wp-content\/uploads\/2021\/01\/1-The-camera-obscura-sketched-by-Leonardo-da-Vinci.png 1920w, https:\/\/www.mustafasevdim.com\/wp-content\/uploads\/2021\/01\/1-The-camera-obscura-sketched-by-Leonardo-da-Vinci-300x200.png 300w, https:\/\/www.mustafasevdim.com\/wp-content\/uploads\/2021\/01\/1-The-camera-obscura-sketched-by-Leonardo-da-Vinci-1024x683.png 1024w, https:\/\/www.mustafasevdim.com\/wp-content\/uploads\/2021\/01\/1-The-camera-obscura-sketched-by-Leonardo-da-Vinci-768x512.png 768w, https:\/\/www.mustafasevdim.com\/wp-content\/uploads\/2021\/01\/1-The-camera-obscura-sketched-by-Leonardo-da-Vinci-1536x1024.png 1536w, https:\/\/www.mustafasevdim.com\/wp-content\/uploads\/2021\/01\/1-The-camera-obscura-sketched-by-Leonardo-da-Vinci-272x182.png 272w, https:\/\/www.mustafasevdim.com\/wp-content\/uploads\/2021\/01\/1-The-camera-obscura-sketched-by-Leonardo-da-Vinci-500x333.png 500w, https:\/\/www.mustafasevdim.com\/wp-content\/uploads\/2021\/01\/1-The-camera-obscura-sketched-by-Leonardo-da-Vinci-800x533.png 800w, https:\/\/www.mustafasevdim.com\/wp-content\/uploads\/2021\/01\/1-The-camera-obscura-sketched-by-Leonardo-da-Vinci-1280x853.png 1280w, https:\/\/www.mustafasevdim.com\/wp-content\/uploads\/2021\/01\/1-The-camera-obscura-sketched-by-Leonardo-da-Vinci-600x400.png 600w, https:\/\/www.mustafasevdim.com\/wp-content\/uploads\/2021\/01\/1-The-camera-obscura-sketched-by-Leonardo-da-Vinci-1200x800.png 1200w\" sizes=\"100vw\" \/>\t\t\t\t<\/a>\n\t\t\t<\/div>\n\t\t\n                <div class=\"post-grid-text-wrap\">\n               \t\t\t\t<h3 class=\"title\">\n\t\t\t<a href=\"https:\/\/www.mustafasevdim.com\/index.php\/fotograf-makinesine-donusen-camera-obscura-i\/\" title=\"Foto\u011fraf Makinesine D\u00f6n\u00fc\u015fen Camera Obscura-I\">Foto\u011fraf Makinesine D\u00f6n\u00fc\u015fen Camera Obscura-I<\/a>\n\t\t<\/h3>\n\t\t\t                \t                <div class=\"post-grid-excerpt\"><p>M.\u00d6. 470 y\u0131llar\u0131nda \u00c7inli filozof Mozi ile g\u00f6r\u00fcnt\u00fcn\u00fcn karanl\u0131k odaya aktar\u0131lmas\u0131 ser\u00fcveni ba\u015flamadan yakla\u015f\u0131k 300 y\u0131l \u00f6nce, eski M\u0131s\u0131rl\u0131lar ve Mezopotamyal\u0131lar taraf\u0131ndan fizi\u011fin bir dal\u0131&hellip;<\/p>\n<\/div>\t                <a class=\"read-more-btn\" href=\"https:\/\/www.mustafasevdim.com\/index.php\/fotograf-makinesine-donusen-camera-obscura-i\/\">Okumaya devam Et &rarr;<\/a>                <\/div>\n\n            <\/div><!-- .blog-inner -->\n           \n        <\/article>\n\n        \t\t\t<\/div>\n\n\t\t\t\t\t\t\t\t\n\t\t<\/div><!-- \/\/.wpz-grid -->\n\t\t\t\t\t\t<\/div>\n\t\t\t\t<\/div>\n\t\t\t\t<div class=\"elementor-element elementor-element-1fc1f9c8 elementor-align-center elementor-widget elementor-widget-button\" data-id=\"1fc1f9c8\" data-element_type=\"widget\" data-e-type=\"widget\" data-widget_type=\"button.default\">\n\t\t\t\t<div class=\"elementor-widget-container\">\n\t\t\t\t\t\t\t\t\t<div class=\"elementor-button-wrapper\">\n\t\t\t\t\t<a class=\"elementor-button elementor-button-link elementor-size-md\" href=\"https:\/\/www.mustafasevdim.com\/index.php\/blog\/\">\n\t\t\t\t\t\t<span class=\"elementor-button-content-wrapper\">\n\t\t\t\t\t\t\t\t\t<span class=\"elementor-button-text\">Yaz\u0131lara git<\/span>\n\t\t\t\t\t<\/span>\n\t\t\t\t\t<\/a>\n\t\t\t\t<\/div>\n\t\t\t\t\t\t\t\t<\/div>\n\t\t\t\t<\/div>\n\t\t\t\t\t<\/div>\n\t\t<\/div>\n\t\t\t\t\t<\/div>\n\t\t<\/section>\n\t\t\t\t<\/div>\n\t\t","protected":false},"excerpt":{"rendered":"<p>Blog Foto\u011fraf Zihinsel \u015fey Cartier-Bresson \u2018un g\u00f6r\u00fcnt\u00fc kavray\u0131\u015f\u0131n\u0131 anlayabilmek i\u00e7in \u201cHerrigel\u2019in ok\u00e7uluk deneyimini, onun foto\u011fraf yakla\u015f\u0131m\u0131na paralel okumay\u0131 denedim\u201d A. Tufan Palal\u0131.. A.Tufan Palal\u0131 , Roland Barthes\u2019\u0131n \u2018Camera Lucida\u2019\u2026 Okumaya devam Et \u2192 Foto\u011fraf Makinesine D\u00f6n\u00fc\u015fen Camera Obscura-I M.\u00d6. 470 y\u0131llar\u0131nda \u00c7inli filozof Mozi ile g\u00f6r\u00fcnt\u00fcn\u00fcn karanl\u0131k odaya aktar\u0131lmas\u0131 ser\u00fcveni ba\u015flamadan yakla\u015f\u0131k 300 y\u0131l \u00f6nce, &hellip; <\/p>\n<p class=\"link-more\"><a href=\"https:\/\/www.mustafasevdim.com\/index.php\/fotograf-makinesine-donusen-camera-obscura-i\/\" class=\"more-link\"><span class=\"screen-reader-text\"> &#8220;Foto\u011fraf Makinesine D\u00f6n\u00fc\u015fen Camera Obscura-I&#8221;<\/span>devam\u0131n\u0131 oku<\/a><\/p>\n","protected":false},"author":1,"featured_media":0,"parent":0,"menu_order":0,"comment_status":"closed","ping_status":"closed","template":"page-templates\/homepage-builder-bb.php","meta":{"_monsterinsights_skip_tracking":false,"_monsterinsights_sitenote_active":false,"_monsterinsights_sitenote_note":"","_monsterinsights_sitenote_category":0,"_vp_format_video_url":"","_vp_image_focal_point":[],"footnotes":""},"class_list":["post-5550","page","type-page","status-publish","hentry"],"yoast_head":"<!-- This site is optimized with the Yoast SEO plugin v26.9 - https:\/\/yoast.com\/product\/yoast-seo-wordpress\/ -->\n<title>Ana Sayfa - Mustafa Sevdim<\/title>\n<meta name=\"robots\" content=\"index, follow, max-snippet:-1, max-image-preview:large, max-video-preview:-1\" \/>\n<link rel=\"canonical\" href=\"https:\/\/www.mustafasevdim.com\/\" \/>\n<meta property=\"og:locale\" content=\"tr_TR\" \/>\n<meta property=\"og:type\" content=\"article\" \/>\n<meta property=\"og:title\" content=\"Ana Sayfa - Mustafa Sevdim\" \/>\n<meta property=\"og:description\" content=\"Blog Foto\u011fraf Zihinsel \u015fey Cartier-Bresson \u2018un g\u00f6r\u00fcnt\u00fc kavray\u0131\u015f\u0131n\u0131 anlayabilmek i\u00e7in \u201cHerrigel\u2019in ok\u00e7uluk deneyimini, onun foto\u011fraf yakla\u015f\u0131m\u0131na paralel okumay\u0131 denedim\u201d A. Tufan Palal\u0131.. A.Tufan Palal\u0131 , Roland Barthes\u2019\u0131n \u2018Camera Lucida\u2019\u2026 Okumaya devam Et \u2192 Foto\u011fraf Makinesine D\u00f6n\u00fc\u015fen Camera Obscura-I M.\u00d6. 470 y\u0131llar\u0131nda \u00c7inli filozof Mozi ile g\u00f6r\u00fcnt\u00fcn\u00fcn karanl\u0131k odaya aktar\u0131lmas\u0131 ser\u00fcveni ba\u015flamadan yakla\u015f\u0131k 300 y\u0131l \u00f6nce, &hellip; &quot;Foto\u011fraf Makinesine D\u00f6n\u00fc\u015fen Camera Obscura-I&quot;devam\u0131n\u0131 oku\" \/>\n<meta property=\"og:url\" content=\"https:\/\/www.mustafasevdim.com\/\" \/>\n<meta property=\"og:site_name\" content=\"Mustafa Sevdim\" \/>\n<meta property=\"article:modified_time\" content=\"2023-03-19T20:56:48+00:00\" \/>\n<meta property=\"og:image\" content=\"https:\/\/www.mustafasevdim.com\/wp-content\/uploads\/2021\/01\/Fotograf-Zihinsel-Sey-1920X1280.jpg\" \/>\n<meta name=\"twitter:card\" content=\"summary_large_image\" \/>\n<meta name=\"twitter:label1\" content=\"Tahmini okuma s\u00fcresi\" \/>\n\t<meta name=\"twitter:data1\" content=\"2 dakika\" \/>\n<script type=\"application\/ld+json\" class=\"yoast-schema-graph\">{\"@context\":\"https:\/\/schema.org\",\"@graph\":[{\"@type\":\"WebPage\",\"@id\":\"https:\/\/www.mustafasevdim.com\/\",\"url\":\"https:\/\/www.mustafasevdim.com\/\",\"name\":\"Ana Sayfa - Mustafa Sevdim\",\"isPartOf\":{\"@id\":\"https:\/\/www.mustafasevdim.com\/#website\"},\"primaryImageOfPage\":{\"@id\":\"https:\/\/www.mustafasevdim.com\/#primaryimage\"},\"image\":{\"@id\":\"https:\/\/www.mustafasevdim.com\/#primaryimage\"},\"thumbnailUrl\":\"https:\/\/www.mustafasevdim.com\/wp-content\/uploads\/2021\/01\/Fotograf-Zihinsel-Sey-1920X1280.jpg\",\"datePublished\":\"2016-12-03T15:08:37+00:00\",\"dateModified\":\"2023-03-19T20:56:48+00:00\",\"breadcrumb\":{\"@id\":\"https:\/\/www.mustafasevdim.com\/#breadcrumb\"},\"inLanguage\":\"tr\",\"potentialAction\":[{\"@type\":\"ReadAction\",\"target\":[\"https:\/\/www.mustafasevdim.com\/\"]}]},{\"@type\":\"ImageObject\",\"inLanguage\":\"tr\",\"@id\":\"https:\/\/www.mustafasevdim.com\/#primaryimage\",\"url\":\"https:\/\/www.mustafasevdim.com\/wp-content\/uploads\/2021\/01\/Fotograf-Zihinsel-Sey-1920X1280.jpg\",\"contentUrl\":\"https:\/\/www.mustafasevdim.com\/wp-content\/uploads\/2021\/01\/Fotograf-Zihinsel-Sey-1920X1280.jpg\",\"width\":1920,\"height\":1280},{\"@type\":\"BreadcrumbList\",\"@id\":\"https:\/\/www.mustafasevdim.com\/#breadcrumb\",\"itemListElement\":[{\"@type\":\"ListItem\",\"position\":1,\"name\":\"Anasayfa\",\"item\":\"https:\/\/www.mustafasevdim.com\/\"},{\"@type\":\"ListItem\",\"position\":2,\"name\":\"Ana Sayfa\"}]},{\"@type\":\"WebSite\",\"@id\":\"https:\/\/www.mustafasevdim.com\/#website\",\"url\":\"https:\/\/www.mustafasevdim.com\/\",\"name\":\"Mustafa Sevdim\",\"description\":\"Foto\u011frafa ve Felsefeye Dair\",\"publisher\":{\"@id\":\"https:\/\/www.mustafasevdim.com\/#\/schema\/person\/956cd8a49c255777884692e385a459a7\"},\"potentialAction\":[{\"@type\":\"SearchAction\",\"target\":{\"@type\":\"EntryPoint\",\"urlTemplate\":\"https:\/\/www.mustafasevdim.com\/?s={search_term_string}\"},\"query-input\":{\"@type\":\"PropertyValueSpecification\",\"valueRequired\":true,\"valueName\":\"search_term_string\"}}],\"inLanguage\":\"tr\"},{\"@type\":[\"Person\",\"Organization\"],\"@id\":\"https:\/\/www.mustafasevdim.com\/#\/schema\/person\/956cd8a49c255777884692e385a459a7\",\"name\":\"Mustafa sevdim\",\"image\":{\"@type\":\"ImageObject\",\"inLanguage\":\"tr\",\"@id\":\"https:\/\/www.mustafasevdim.com\/#\/schema\/person\/image\/\",\"url\":\"https:\/\/www.mustafasevdim.com\/wp-content\/uploads\/2021\/02\/cropped-cropped-M-1.png\",\"contentUrl\":\"https:\/\/www.mustafasevdim.com\/wp-content\/uploads\/2021\/02\/cropped-cropped-M-1.png\",\"width\":225,\"height\":225,\"caption\":\"Mustafa sevdim\"},\"logo\":{\"@id\":\"https:\/\/www.mustafasevdim.com\/#\/schema\/person\/image\/\"}}]}<\/script>\n<!-- \/ Yoast SEO plugin. -->","yoast_head_json":{"title":"Ana Sayfa - Mustafa Sevdim","robots":{"index":"index","follow":"follow","max-snippet":"max-snippet:-1","max-image-preview":"max-image-preview:large","max-video-preview":"max-video-preview:-1"},"canonical":"https:\/\/www.mustafasevdim.com\/","og_locale":"tr_TR","og_type":"article","og_title":"Ana Sayfa - Mustafa Sevdim","og_description":"Blog Foto\u011fraf Zihinsel \u015fey Cartier-Bresson \u2018un g\u00f6r\u00fcnt\u00fc kavray\u0131\u015f\u0131n\u0131 anlayabilmek i\u00e7in \u201cHerrigel\u2019in ok\u00e7uluk deneyimini, onun foto\u011fraf yakla\u015f\u0131m\u0131na paralel okumay\u0131 denedim\u201d A. Tufan Palal\u0131.. A.Tufan Palal\u0131 , Roland Barthes\u2019\u0131n \u2018Camera Lucida\u2019\u2026 Okumaya devam Et \u2192 Foto\u011fraf Makinesine D\u00f6n\u00fc\u015fen Camera Obscura-I M.\u00d6. 470 y\u0131llar\u0131nda \u00c7inli filozof Mozi ile g\u00f6r\u00fcnt\u00fcn\u00fcn karanl\u0131k odaya aktar\u0131lmas\u0131 ser\u00fcveni ba\u015flamadan yakla\u015f\u0131k 300 y\u0131l \u00f6nce, &hellip; \"Foto\u011fraf Makinesine D\u00f6n\u00fc\u015fen Camera Obscura-I\"devam\u0131n\u0131 oku","og_url":"https:\/\/www.mustafasevdim.com\/","og_site_name":"Mustafa Sevdim","article_modified_time":"2023-03-19T20:56:48+00:00","og_image":[{"url":"https:\/\/www.mustafasevdim.com\/wp-content\/uploads\/2021\/01\/Fotograf-Zihinsel-Sey-1920X1280.jpg","type":"","width":"","height":""}],"twitter_card":"summary_large_image","twitter_misc":{"Tahmini okuma s\u00fcresi":"2 dakika"},"schema":{"@context":"https:\/\/schema.org","@graph":[{"@type":"WebPage","@id":"https:\/\/www.mustafasevdim.com\/","url":"https:\/\/www.mustafasevdim.com\/","name":"Ana Sayfa - Mustafa Sevdim","isPartOf":{"@id":"https:\/\/www.mustafasevdim.com\/#website"},"primaryImageOfPage":{"@id":"https:\/\/www.mustafasevdim.com\/#primaryimage"},"image":{"@id":"https:\/\/www.mustafasevdim.com\/#primaryimage"},"thumbnailUrl":"https:\/\/www.mustafasevdim.com\/wp-content\/uploads\/2021\/01\/Fotograf-Zihinsel-Sey-1920X1280.jpg","datePublished":"2016-12-03T15:08:37+00:00","dateModified":"2023-03-19T20:56:48+00:00","breadcrumb":{"@id":"https:\/\/www.mustafasevdim.com\/#breadcrumb"},"inLanguage":"tr","potentialAction":[{"@type":"ReadAction","target":["https:\/\/www.mustafasevdim.com\/"]}]},{"@type":"ImageObject","inLanguage":"tr","@id":"https:\/\/www.mustafasevdim.com\/#primaryimage","url":"https:\/\/www.mustafasevdim.com\/wp-content\/uploads\/2021\/01\/Fotograf-Zihinsel-Sey-1920X1280.jpg","contentUrl":"https:\/\/www.mustafasevdim.com\/wp-content\/uploads\/2021\/01\/Fotograf-Zihinsel-Sey-1920X1280.jpg","width":1920,"height":1280},{"@type":"BreadcrumbList","@id":"https:\/\/www.mustafasevdim.com\/#breadcrumb","itemListElement":[{"@type":"ListItem","position":1,"name":"Anasayfa","item":"https:\/\/www.mustafasevdim.com\/"},{"@type":"ListItem","position":2,"name":"Ana Sayfa"}]},{"@type":"WebSite","@id":"https:\/\/www.mustafasevdim.com\/#website","url":"https:\/\/www.mustafasevdim.com\/","name":"Mustafa Sevdim","description":"Foto\u011frafa ve Felsefeye Dair","publisher":{"@id":"https:\/\/www.mustafasevdim.com\/#\/schema\/person\/956cd8a49c255777884692e385a459a7"},"potentialAction":[{"@type":"SearchAction","target":{"@type":"EntryPoint","urlTemplate":"https:\/\/www.mustafasevdim.com\/?s={search_term_string}"},"query-input":{"@type":"PropertyValueSpecification","valueRequired":true,"valueName":"search_term_string"}}],"inLanguage":"tr"},{"@type":["Person","Organization"],"@id":"https:\/\/www.mustafasevdim.com\/#\/schema\/person\/956cd8a49c255777884692e385a459a7","name":"Mustafa sevdim","image":{"@type":"ImageObject","inLanguage":"tr","@id":"https:\/\/www.mustafasevdim.com\/#\/schema\/person\/image\/","url":"https:\/\/www.mustafasevdim.com\/wp-content\/uploads\/2021\/02\/cropped-cropped-M-1.png","contentUrl":"https:\/\/www.mustafasevdim.com\/wp-content\/uploads\/2021\/02\/cropped-cropped-M-1.png","width":225,"height":225,"caption":"Mustafa sevdim"},"logo":{"@id":"https:\/\/www.mustafasevdim.com\/#\/schema\/person\/image\/"}}]}},"jetpack_sharing_enabled":true,"featured_media_urls":[],"_links":{"self":[{"href":"https:\/\/www.mustafasevdim.com\/index.php\/wp-json\/wp\/v2\/pages\/5550","targetHints":{"allow":["GET"]}}],"collection":[{"href":"https:\/\/www.mustafasevdim.com\/index.php\/wp-json\/wp\/v2\/pages"}],"about":[{"href":"https:\/\/www.mustafasevdim.com\/index.php\/wp-json\/wp\/v2\/types\/page"}],"author":[{"embeddable":true,"href":"https:\/\/www.mustafasevdim.com\/index.php\/wp-json\/wp\/v2\/users\/1"}],"replies":[{"embeddable":true,"href":"https:\/\/www.mustafasevdim.com\/index.php\/wp-json\/wp\/v2\/comments?post=5550"}],"version-history":[{"count":15,"href":"https:\/\/www.mustafasevdim.com\/index.php\/wp-json\/wp\/v2\/pages\/5550\/revisions"}],"predecessor-version":[{"id":6946,"href":"https:\/\/www.mustafasevdim.com\/index.php\/wp-json\/wp\/v2\/pages\/5550\/revisions\/6946"}],"wp:attachment":[{"href":"https:\/\/www.mustafasevdim.com\/index.php\/wp-json\/wp\/v2\/media?parent=5550"}],"curies":[{"name":"wp","href":"https:\/\/api.w.org\/{rel}","templated":true}]}}