{"id":5592,"date":"2016-12-05T09:17:34","date_gmt":"2016-12-05T09:17:34","guid":{"rendered":"http:\/\/demo.wpzoom.com\/inspiro\/?page_id=5592"},"modified":"2023-03-17T23:40:46","modified_gmt":"2023-03-17T20:40:46","slug":"about","status":"publish","type":"page","link":"https:\/\/www.mustafasevdim.com\/index.php\/about\/","title":{"rendered":"Hakk\u0131nda"},"content":{"rendered":"\t\t<div data-elementor-type=\"wp-page\" data-elementor-id=\"5592\" class=\"elementor elementor-5592\">\n\t\t\t\t\t\t<section class=\"elementor-section elementor-top-section elementor-element elementor-element-6dd5e545 elementor-section-boxed elementor-section-height-default elementor-section-height-default\" data-id=\"6dd5e545\" data-element_type=\"section\" data-e-type=\"section\">\n\t\t\t\t\t\t<div class=\"elementor-container elementor-column-gap-no\">\n\t\t\t\t\t<div class=\"elementor-column elementor-col-100 elementor-top-column elementor-element elementor-element-35934f08\" data-id=\"35934f08\" data-element_type=\"column\" data-e-type=\"column\">\n\t\t\t<div class=\"elementor-widget-wrap elementor-element-populated\">\n\t\t\t\t\t\t<section class=\"elementor-section elementor-inner-section elementor-element elementor-element-7a19ee1 elementor-section-full_width elementor-section-height-default elementor-section-height-default\" data-id=\"7a19ee1\" data-element_type=\"section\" data-e-type=\"section\">\n\t\t\t\t\t\t<div class=\"elementor-container elementor-column-gap-no\">\n\t\t\t\t\t<div class=\"elementor-column elementor-col-100 elementor-inner-column elementor-element elementor-element-371c4441\" data-id=\"371c4441\" data-element_type=\"column\" data-e-type=\"column\">\n\t\t\t<div class=\"elementor-widget-wrap elementor-element-populated\">\n\t\t\t\t\t\t<div class=\"elementor-element elementor-element-89ab21a elementor-widget__width-initial elementor-absolute elementor-widget elementor-widget-image\" data-id=\"89ab21a\" data-element_type=\"widget\" data-e-type=\"widget\" data-settings=\"{&quot;_position&quot;:&quot;absolute&quot;}\" data-widget_type=\"image.default\">\n\t\t\t\t<div class=\"elementor-widget-container\">\n\t\t\t\t\t\t\t\t\t\t\t\t\t\t\t<img decoding=\"async\" width=\"150\" height=\"150\" src=\"https:\/\/www.mustafasevdim.com\/wp-content\/uploads\/2023\/03\/IMG_0337-c-150x150.jpg\" class=\"attachment-thumbnail size-thumbnail wp-image-6906\" alt=\"\" srcset=\"https:\/\/www.mustafasevdim.com\/wp-content\/uploads\/2023\/03\/IMG_0337-c-150x150.jpg 150w, https:\/\/www.mustafasevdim.com\/wp-content\/uploads\/2023\/03\/IMG_0337-c-300x300.jpg 300w, https:\/\/www.mustafasevdim.com\/wp-content\/uploads\/2023\/03\/IMG_0337-c-1024x1024.jpg 1024w, https:\/\/www.mustafasevdim.com\/wp-content\/uploads\/2023\/03\/IMG_0337-c-768x768.jpg 768w, https:\/\/www.mustafasevdim.com\/wp-content\/uploads\/2023\/03\/IMG_0337-c-500x500.jpg 500w, https:\/\/www.mustafasevdim.com\/wp-content\/uploads\/2023\/03\/IMG_0337-c-800x800.jpg 800w, https:\/\/www.mustafasevdim.com\/wp-content\/uploads\/2023\/03\/IMG_0337-c-1280x1280.jpg 1280w, https:\/\/www.mustafasevdim.com\/wp-content\/uploads\/2023\/03\/IMG_0337-c-600x600.jpg 600w, https:\/\/www.mustafasevdim.com\/wp-content\/uploads\/2023\/03\/IMG_0337-c.jpg 1300w\" sizes=\"100vw\" \/>\t\t\t\t\t\t\t\t\t\t\t\t\t\t\t<\/div>\n\t\t\t\t<\/div>\n\t\t\t\t<div class=\"elementor-element elementor-element-69f4b5a8 elementor-align-center elementor-widget elementor-widget-button\" data-id=\"69f4b5a8\" data-element_type=\"widget\" data-e-type=\"widget\" data-widget_type=\"button.default\">\n\t\t\t\t<div class=\"elementor-widget-container\">\n\t\t\t\t\t\t\t\t\t<div class=\"elementor-button-wrapper\">\n\t\t\t\t\t<a class=\"elementor-button elementor-button-link elementor-size-md\" href=\"https:\/\/www.mustafasevdim.com\/\">\n\t\t\t\t\t\t<span class=\"elementor-button-content-wrapper\">\n\t\t\t\t\t\t\t\t\t<span class=\"elementor-button-text\">Ana Sayfa<\/span>\n\t\t\t\t\t<\/span>\n\t\t\t\t\t<\/a>\n\t\t\t\t<\/div>\n\t\t\t\t\t\t\t\t<\/div>\n\t\t\t\t<\/div>\n\t\t\t\t<div class=\"elementor-element elementor-element-cd4c024 elementor-widget elementor-widget-text-editor\" data-id=\"cd4c024\" data-element_type=\"widget\" data-e-type=\"widget\" data-widget_type=\"text-editor.default\">\n\t\t\t\t<div class=\"elementor-widget-container\">\n\t\t\t\t\t\t\t\t\t<p>Foto\u011fraf<b> <\/b>\u00e7ekmeye \u00fcniversite d\u00f6neminde okul masraflar\u0131n\u0131 \u00e7\u0131karmak i\u00e7in ba\u015flad\u0131. Amat\u00f6r olarak devam eden foto\u011fraf tutkusuna dijitalin yan\u0131 s\u0131ra halen dia film ile de foto\u011fraf \u00e7ekerek devam ediyor. Bireysel olarak Anadolu\u2019daki antik kentlerin ve tarihi b\u00f6lgelerin foto\u011fraf\u0131n\u0131 \u00e7ekiyor. 2015 y\u0131l\u0131nda \u00fcye oldu\u011fu \u0130FSAK\u2019ta e\u011fitim biriminde ve \u00e7e\u015fitli proje gruplar\u0131nda g\u00f6rev ald\u0131.\u0130FSAK Sokak Foto\u011fraf\u00e7\u0131l\u0131\u011f\u0131 Grubunda\u00a0 dan\u0131\u015fman yard\u0131mc\u0131l\u0131\u011f\u0131, 230. d\u00f6nem proje grubunda dan\u0131\u015fman olarak g\u00f6rev yapt\u0131.Ayn\u0131 zamanda 2017-2019 d\u00f6neminde y\u00f6netim kurulunda K\u00fct\u00fcphane ve Ar\u015fiv Birimi Koordinat\u00f6r\u00fc olarak,2019- 2021 d\u00f6nemi ve 2021 &#8211; 2023 d\u00f6neminde y\u00f6netim kurulunda\u00a0 Yay\u0131n Birimi Koordinat\u00f6r\u00fc olarak g\u00f6rev alm\u0131\u015ft\u0131r.<\/p><p>Instagram &#8211;\u00a0https:\/\/www.instagram.com\/msevdim<\/p><p>Twitter &#8211; https:\/\/twitter.com\/msevdim<\/p><p>\u00a0<\/p>\t\t\t\t\t\t\t\t<\/div>\n\t\t\t\t<\/div>\n\t\t\t\t\t<\/div>\n\t\t<\/div>\n\t\t\t\t\t<\/div>\n\t\t<\/section>\n\t\t\t\t\t<\/div>\n\t\t<\/div>\n\t\t\t\t\t<\/div>\n\t\t<\/section>\n\t\t\t\t<\/div>\n\t\t","protected":false},"excerpt":{"rendered":"<p>Ana Sayfa Foto\u011fraf \u00e7ekmeye \u00fcniversite d\u00f6neminde okul masraflar\u0131n\u0131 \u00e7\u0131karmak i\u00e7in ba\u015flad\u0131. Amat\u00f6r olarak devam eden foto\u011fraf tutkusuna dijitalin yan\u0131 s\u0131ra halen dia film ile de foto\u011fraf \u00e7ekerek devam ediyor. Bireysel olarak Anadolu\u2019daki antik kentlerin ve tarihi b\u00f6lgelerin foto\u011fraf\u0131n\u0131 \u00e7ekiyor. 2015 y\u0131l\u0131nda \u00fcye oldu\u011fu \u0130FSAK\u2019ta e\u011fitim biriminde ve \u00e7e\u015fitli proje gruplar\u0131nda g\u00f6rev ald\u0131.\u0130FSAK Sokak Foto\u011fraf\u00e7\u0131l\u0131\u011f\u0131 Grubunda\u00a0 &hellip; <\/p>\n<p class=\"link-more\"><a href=\"https:\/\/www.mustafasevdim.com\/index.php\/about\/\" class=\"more-link\"><span class=\"screen-reader-text\"> &#8220;Hakk\u0131nda&#8221;<\/span>devam\u0131n\u0131 oku<\/a><\/p>\n","protected":false},"author":1,"featured_media":0,"parent":0,"menu_order":0,"comment_status":"closed","ping_status":"closed","template":"page-templates\/full-width-builder-bb.php","meta":{"_monsterinsights_skip_tracking":false,"_monsterinsights_sitenote_active":false,"_monsterinsights_sitenote_note":"","_monsterinsights_sitenote_category":0,"_vp_format_video_url":"","_vp_image_focal_point":[],"footnotes":""},"class_list":["post-5592","page","type-page","status-publish","hentry"],"yoast_head":"<!-- This site is optimized with the Yoast SEO plugin v26.9 - https:\/\/yoast.com\/product\/yoast-seo-wordpress\/ -->\n<title>Hakk\u0131nda - Mustafa Sevdim<\/title>\n<meta name=\"robots\" content=\"index, follow, max-snippet:-1, max-image-preview:large, max-video-preview:-1\" \/>\n<link rel=\"canonical\" href=\"https:\/\/www.mustafasevdim.com\/index.php\/about\/\" \/>\n<meta property=\"og:locale\" content=\"tr_TR\" \/>\n<meta property=\"og:type\" content=\"article\" \/>\n<meta property=\"og:title\" content=\"Hakk\u0131nda - Mustafa Sevdim\" \/>\n<meta property=\"og:description\" content=\"Ana Sayfa Foto\u011fraf \u00e7ekmeye \u00fcniversite d\u00f6neminde okul masraflar\u0131n\u0131 \u00e7\u0131karmak i\u00e7in ba\u015flad\u0131. Amat\u00f6r olarak devam eden foto\u011fraf tutkusuna dijitalin yan\u0131 s\u0131ra halen dia film ile de foto\u011fraf \u00e7ekerek devam ediyor. Bireysel olarak Anadolu\u2019daki antik kentlerin ve tarihi b\u00f6lgelerin foto\u011fraf\u0131n\u0131 \u00e7ekiyor. 2015 y\u0131l\u0131nda \u00fcye oldu\u011fu \u0130FSAK\u2019ta e\u011fitim biriminde ve \u00e7e\u015fitli proje gruplar\u0131nda g\u00f6rev ald\u0131.\u0130FSAK Sokak Foto\u011fraf\u00e7\u0131l\u0131\u011f\u0131 Grubunda\u00a0 &hellip; &quot;Hakk\u0131nda&quot;devam\u0131n\u0131 oku\" \/>\n<meta property=\"og:url\" content=\"https:\/\/www.mustafasevdim.com\/index.php\/about\/\" \/>\n<meta property=\"og:site_name\" content=\"Mustafa Sevdim\" \/>\n<meta property=\"article:modified_time\" content=\"2023-03-17T20:40:46+00:00\" \/>\n<meta property=\"og:image\" content=\"https:\/\/www.mustafasevdim.com\/wp-content\/uploads\/2023\/03\/IMG_0337-c-150x150.jpg\" \/>\n<meta name=\"twitter:card\" content=\"summary_large_image\" \/>\n<meta name=\"twitter:label1\" content=\"Tahmini okuma s\u00fcresi\" \/>\n\t<meta name=\"twitter:data1\" content=\"1 dakika\" \/>\n<script type=\"application\/ld+json\" class=\"yoast-schema-graph\">{\"@context\":\"https:\/\/schema.org\",\"@graph\":[{\"@type\":\"WebPage\",\"@id\":\"https:\/\/www.mustafasevdim.com\/index.php\/about\/\",\"url\":\"https:\/\/www.mustafasevdim.com\/index.php\/about\/\",\"name\":\"Hakk\u0131nda - Mustafa Sevdim\",\"isPartOf\":{\"@id\":\"https:\/\/www.mustafasevdim.com\/#website\"},\"primaryImageOfPage\":{\"@id\":\"https:\/\/www.mustafasevdim.com\/index.php\/about\/#primaryimage\"},\"image\":{\"@id\":\"https:\/\/www.mustafasevdim.com\/index.php\/about\/#primaryimage\"},\"thumbnailUrl\":\"https:\/\/www.mustafasevdim.com\/wp-content\/uploads\/2023\/03\/IMG_0337-c-150x150.jpg\",\"datePublished\":\"2016-12-05T09:17:34+00:00\",\"dateModified\":\"2023-03-17T20:40:46+00:00\",\"breadcrumb\":{\"@id\":\"https:\/\/www.mustafasevdim.com\/index.php\/about\/#breadcrumb\"},\"inLanguage\":\"tr\",\"potentialAction\":[{\"@type\":\"ReadAction\",\"target\":[\"https:\/\/www.mustafasevdim.com\/index.php\/about\/\"]}]},{\"@type\":\"ImageObject\",\"inLanguage\":\"tr\",\"@id\":\"https:\/\/www.mustafasevdim.com\/index.php\/about\/#primaryimage\",\"url\":\"https:\/\/www.mustafasevdim.com\/wp-content\/uploads\/2023\/03\/IMG_0337-c.jpg\",\"contentUrl\":\"https:\/\/www.mustafasevdim.com\/wp-content\/uploads\/2023\/03\/IMG_0337-c.jpg\",\"width\":1300,\"height\":1300},{\"@type\":\"BreadcrumbList\",\"@id\":\"https:\/\/www.mustafasevdim.com\/index.php\/about\/#breadcrumb\",\"itemListElement\":[{\"@type\":\"ListItem\",\"position\":1,\"name\":\"Anasayfa\",\"item\":\"https:\/\/www.mustafasevdim.com\/\"},{\"@type\":\"ListItem\",\"position\":2,\"name\":\"Hakk\u0131nda\"}]},{\"@type\":\"WebSite\",\"@id\":\"https:\/\/www.mustafasevdim.com\/#website\",\"url\":\"https:\/\/www.mustafasevdim.com\/\",\"name\":\"Mustafa Sevdim\",\"description\":\"Foto\u011frafa ve Felsefeye Dair\",\"publisher\":{\"@id\":\"https:\/\/www.mustafasevdim.com\/#\/schema\/person\/956cd8a49c255777884692e385a459a7\"},\"potentialAction\":[{\"@type\":\"SearchAction\",\"target\":{\"@type\":\"EntryPoint\",\"urlTemplate\":\"https:\/\/www.mustafasevdim.com\/?s={search_term_string}\"},\"query-input\":{\"@type\":\"PropertyValueSpecification\",\"valueRequired\":true,\"valueName\":\"search_term_string\"}}],\"inLanguage\":\"tr\"},{\"@type\":[\"Person\",\"Organization\"],\"@id\":\"https:\/\/www.mustafasevdim.com\/#\/schema\/person\/956cd8a49c255777884692e385a459a7\",\"name\":\"Mustafa sevdim\",\"image\":{\"@type\":\"ImageObject\",\"inLanguage\":\"tr\",\"@id\":\"https:\/\/www.mustafasevdim.com\/#\/schema\/person\/image\/\",\"url\":\"https:\/\/www.mustafasevdim.com\/wp-content\/uploads\/2021\/02\/cropped-cropped-M-1.png\",\"contentUrl\":\"https:\/\/www.mustafasevdim.com\/wp-content\/uploads\/2021\/02\/cropped-cropped-M-1.png\",\"width\":225,\"height\":225,\"caption\":\"Mustafa sevdim\"},\"logo\":{\"@id\":\"https:\/\/www.mustafasevdim.com\/#\/schema\/person\/image\/\"}}]}<\/script>\n<!-- \/ Yoast SEO plugin. -->","yoast_head_json":{"title":"Hakk\u0131nda - Mustafa Sevdim","robots":{"index":"index","follow":"follow","max-snippet":"max-snippet:-1","max-image-preview":"max-image-preview:large","max-video-preview":"max-video-preview:-1"},"canonical":"https:\/\/www.mustafasevdim.com\/index.php\/about\/","og_locale":"tr_TR","og_type":"article","og_title":"Hakk\u0131nda - Mustafa Sevdim","og_description":"Ana Sayfa Foto\u011fraf \u00e7ekmeye \u00fcniversite d\u00f6neminde okul masraflar\u0131n\u0131 \u00e7\u0131karmak i\u00e7in ba\u015flad\u0131. Amat\u00f6r olarak devam eden foto\u011fraf tutkusuna dijitalin yan\u0131 s\u0131ra halen dia film ile de foto\u011fraf \u00e7ekerek devam ediyor. Bireysel olarak Anadolu\u2019daki antik kentlerin ve tarihi b\u00f6lgelerin foto\u011fraf\u0131n\u0131 \u00e7ekiyor. 2015 y\u0131l\u0131nda \u00fcye oldu\u011fu \u0130FSAK\u2019ta e\u011fitim biriminde ve \u00e7e\u015fitli proje gruplar\u0131nda g\u00f6rev ald\u0131.\u0130FSAK Sokak Foto\u011fraf\u00e7\u0131l\u0131\u011f\u0131 Grubunda\u00a0 &hellip; \"Hakk\u0131nda\"devam\u0131n\u0131 oku","og_url":"https:\/\/www.mustafasevdim.com\/index.php\/about\/","og_site_name":"Mustafa Sevdim","article_modified_time":"2023-03-17T20:40:46+00:00","og_image":[{"url":"https:\/\/www.mustafasevdim.com\/wp-content\/uploads\/2023\/03\/IMG_0337-c-150x150.jpg","type":"","width":"","height":""}],"twitter_card":"summary_large_image","twitter_misc":{"Tahmini okuma s\u00fcresi":"1 dakika"},"schema":{"@context":"https:\/\/schema.org","@graph":[{"@type":"WebPage","@id":"https:\/\/www.mustafasevdim.com\/index.php\/about\/","url":"https:\/\/www.mustafasevdim.com\/index.php\/about\/","name":"Hakk\u0131nda - Mustafa Sevdim","isPartOf":{"@id":"https:\/\/www.mustafasevdim.com\/#website"},"primaryImageOfPage":{"@id":"https:\/\/www.mustafasevdim.com\/index.php\/about\/#primaryimage"},"image":{"@id":"https:\/\/www.mustafasevdim.com\/index.php\/about\/#primaryimage"},"thumbnailUrl":"https:\/\/www.mustafasevdim.com\/wp-content\/uploads\/2023\/03\/IMG_0337-c-150x150.jpg","datePublished":"2016-12-05T09:17:34+00:00","dateModified":"2023-03-17T20:40:46+00:00","breadcrumb":{"@id":"https:\/\/www.mustafasevdim.com\/index.php\/about\/#breadcrumb"},"inLanguage":"tr","potentialAction":[{"@type":"ReadAction","target":["https:\/\/www.mustafasevdim.com\/index.php\/about\/"]}]},{"@type":"ImageObject","inLanguage":"tr","@id":"https:\/\/www.mustafasevdim.com\/index.php\/about\/#primaryimage","url":"https:\/\/www.mustafasevdim.com\/wp-content\/uploads\/2023\/03\/IMG_0337-c.jpg","contentUrl":"https:\/\/www.mustafasevdim.com\/wp-content\/uploads\/2023\/03\/IMG_0337-c.jpg","width":1300,"height":1300},{"@type":"BreadcrumbList","@id":"https:\/\/www.mustafasevdim.com\/index.php\/about\/#breadcrumb","itemListElement":[{"@type":"ListItem","position":1,"name":"Anasayfa","item":"https:\/\/www.mustafasevdim.com\/"},{"@type":"ListItem","position":2,"name":"Hakk\u0131nda"}]},{"@type":"WebSite","@id":"https:\/\/www.mustafasevdim.com\/#website","url":"https:\/\/www.mustafasevdim.com\/","name":"Mustafa Sevdim","description":"Foto\u011frafa ve Felsefeye Dair","publisher":{"@id":"https:\/\/www.mustafasevdim.com\/#\/schema\/person\/956cd8a49c255777884692e385a459a7"},"potentialAction":[{"@type":"SearchAction","target":{"@type":"EntryPoint","urlTemplate":"https:\/\/www.mustafasevdim.com\/?s={search_term_string}"},"query-input":{"@type":"PropertyValueSpecification","valueRequired":true,"valueName":"search_term_string"}}],"inLanguage":"tr"},{"@type":["Person","Organization"],"@id":"https:\/\/www.mustafasevdim.com\/#\/schema\/person\/956cd8a49c255777884692e385a459a7","name":"Mustafa sevdim","image":{"@type":"ImageObject","inLanguage":"tr","@id":"https:\/\/www.mustafasevdim.com\/#\/schema\/person\/image\/","url":"https:\/\/www.mustafasevdim.com\/wp-content\/uploads\/2021\/02\/cropped-cropped-M-1.png","contentUrl":"https:\/\/www.mustafasevdim.com\/wp-content\/uploads\/2021\/02\/cropped-cropped-M-1.png","width":225,"height":225,"caption":"Mustafa sevdim"},"logo":{"@id":"https:\/\/www.mustafasevdim.com\/#\/schema\/person\/image\/"}}]}},"jetpack_sharing_enabled":true,"featured_media_urls":[],"_links":{"self":[{"href":"https:\/\/www.mustafasevdim.com\/index.php\/wp-json\/wp\/v2\/pages\/5592","targetHints":{"allow":["GET"]}}],"collection":[{"href":"https:\/\/www.mustafasevdim.com\/index.php\/wp-json\/wp\/v2\/pages"}],"about":[{"href":"https:\/\/www.mustafasevdim.com\/index.php\/wp-json\/wp\/v2\/types\/page"}],"author":[{"embeddable":true,"href":"https:\/\/www.mustafasevdim.com\/index.php\/wp-json\/wp\/v2\/users\/1"}],"replies":[{"embeddable":true,"href":"https:\/\/www.mustafasevdim.com\/index.php\/wp-json\/wp\/v2\/comments?post=5592"}],"version-history":[{"count":32,"href":"https:\/\/www.mustafasevdim.com\/index.php\/wp-json\/wp\/v2\/pages\/5592\/revisions"}],"predecessor-version":[{"id":6926,"href":"https:\/\/www.mustafasevdim.com\/index.php\/wp-json\/wp\/v2\/pages\/5592\/revisions\/6926"}],"wp:attachment":[{"href":"https:\/\/www.mustafasevdim.com\/index.php\/wp-json\/wp\/v2\/media?parent=5592"}],"curies":[{"name":"wp","href":"https:\/\/api.w.org\/{rel}","templated":true}]}}