{"id":628,"date":"2009-05-06T11:43:24","date_gmt":"2009-05-06T16:43:24","guid":{"rendered":"http:\/\/wpzoom.com\/zenko\/demo\/?page_id=3"},"modified":"2023-03-18T13:00:17","modified_gmt":"2023-03-18T10:00:17","slug":"contact","status":"publish","type":"page","link":"https:\/\/www.mustafasevdim.com\/index.php\/contact\/","title":{"rendered":"\u0130leti\u015fim"},"content":{"rendered":"\t\t<div data-elementor-type=\"wp-page\" data-elementor-id=\"628\" class=\"elementor elementor-628\">\n\t\t\t\t\t\t<section class=\"elementor-section elementor-top-section elementor-element elementor-element-e9a6140 elementor-section-boxed elementor-section-height-default elementor-section-height-default\" data-id=\"e9a6140\" data-element_type=\"section\" data-e-type=\"section\">\n\t\t\t\t\t\t<div class=\"elementor-container elementor-column-gap-default\">\n\t\t\t\t\t\t<\/div>\n\t\t<\/section>\n\t\t\t\t<section class=\"elementor-section elementor-top-section elementor-element elementor-element-17c65841 elementor-section-boxed elementor-section-height-default elementor-section-height-default\" data-id=\"17c65841\" data-element_type=\"section\" data-e-type=\"section\">\n\t\t\t\t\t\t<div class=\"elementor-container elementor-column-gap-default\">\n\t\t\t\t\t\t<\/div>\n\t\t<\/section>\n\t\t\t\t<section class=\"elementor-section elementor-top-section elementor-element elementor-element-49b69bc elementor-section-boxed elementor-section-height-default elementor-section-height-default\" data-id=\"49b69bc\" data-element_type=\"section\" data-e-type=\"section\">\n\t\t\t\t\t\t<div class=\"elementor-container elementor-column-gap-default\">\n\t\t\t\t\t<div class=\"elementor-column elementor-col-100 elementor-top-column elementor-element elementor-element-6edd72b\" data-id=\"6edd72b\" data-element_type=\"column\" data-e-type=\"column\">\n\t\t\t<div class=\"elementor-widget-wrap elementor-element-populated\">\n\t\t\t\t\t\t<div class=\"elementor-element elementor-element-778cbbd elementor-widget elementor-widget-wpforms\" data-id=\"778cbbd\" data-element_type=\"widget\" data-e-type=\"widget\" data-widget_type=\"wpforms.default\">\n\t\t\t\t<div class=\"elementor-widget-container\">\n\t\t\t\t\t<div class=\"wpforms-container wpforms-container-full\" id=\"wpforms-6929\"><form id=\"wpforms-form-6929\" class=\"wpforms-validate wpforms-form wpforms-ajax-form\" data-formid=\"6929\" method=\"post\" enctype=\"multipart\/form-data\" action=\"\/index.php\/wp-json\/wp\/v2\/pages\/628\" data-token=\"7124132a2ac211bf96e6f7cea81386b4\" data-token-time=\"1776502349\"><noscript class=\"wpforms-error-noscript\">Bu formu bitirebilmek i\u00e7in taray\u0131c\u0131n\u0131zda JavaScript&#039;i etkinle\u015ftirin.<\/noscript><div class=\"wpforms-field-container\"><div id=\"wpforms-6929-field_0-container\" class=\"wpforms-field wpforms-field-name\" data-field-id=\"0\"><label class=\"wpforms-field-label\" for=\"wpforms-6929-field_0\">\u0130sminiz <span class=\"wpforms-required-label\">*<\/span><\/label><input type=\"text\" id=\"wpforms-6929-field_0\" class=\"wpforms-field-medium wpforms-field-required\" name=\"wpforms[fields][0]\" required><\/div><div id=\"wpforms-6929-field_1-container\" class=\"wpforms-field wpforms-field-email\" data-field-id=\"1\"><label class=\"wpforms-field-label\" for=\"wpforms-6929-field_1\">Mail Adresiniz <span class=\"wpforms-required-label\">*<\/span><\/label><input type=\"email\" id=\"wpforms-6929-field_1\" class=\"wpforms-field-medium wpforms-field-required\" name=\"wpforms[fields][1]\" spellcheck=\"false\" required><\/div><div id=\"wpforms-6929-field_2-container\" class=\"wpforms-field wpforms-field-textarea\" data-field-id=\"2\"><label class=\"wpforms-field-label\" for=\"wpforms-6929-field_2\">Yorum &amp; Mesaj\u0131n\u0131z <span class=\"wpforms-required-label\">*<\/span><\/label><textarea id=\"wpforms-6929-field_2\" class=\"wpforms-field-medium wpforms-field-required\" name=\"wpforms[fields][2]\" required><\/textarea><\/div><\/div><!-- .wpforms-field-container --><div class=\"wpforms-submit-container\" ><input type=\"hidden\" name=\"wpforms[id]\" value=\"6929\"><input type=\"hidden\" name=\"page_title\" value=\"\"><input type=\"hidden\" name=\"page_url\" value=\"https:\/\/www.mustafasevdim.com\/index.php\/wp-json\/wp\/v2\/pages\/628\"><input type=\"hidden\" name=\"url_referer\" value=\"\"><button type=\"submit\" name=\"wpforms[submit]\" id=\"wpforms-submit-6929\" class=\"wpforms-submit\" data-alt-text=\"G\u00f6nderiliyor...\" data-submit-text=\"G\u00f6nder\" aria-live=\"assertive\" value=\"wpforms-submit\">G\u00f6nder<\/button><img decoding=\"async\" src=\"https:\/\/www.mustafasevdim.com\/wp-content\/plugins\/wpforms-lite\/assets\/images\/submit-spin.svg\" class=\"wpforms-submit-spinner\" style=\"display: none;\" width=\"26\" height=\"26\" alt=\"Y\u00fckleniyor\"><\/div><\/form><\/div>  <!-- .wpforms-container -->\t\t\t\t<\/div>\n\t\t\t\t<\/div>\n\t\t\t\t\t<\/div>\n\t\t<\/div>\n\t\t\t\t\t<\/div>\n\t\t<\/section>\n\t\t\t\t<\/div>\n\t\t","protected":false},"excerpt":{"rendered":"","protected":false},"author":1,"featured_media":0,"parent":0,"menu_order":0,"comment_status":"closed","ping_status":"closed","template":"","meta":{"_monsterinsights_skip_tracking":false,"_monsterinsights_sitenote_active":false,"_monsterinsights_sitenote_note":"","_monsterinsights_sitenote_category":0,"_vp_format_video_url":"","_vp_image_focal_point":[],"footnotes":""},"class_list":["post-628","page","type-page","status-publish","hentry"],"yoast_head":"<!-- This site is optimized with the Yoast SEO plugin v26.9 - https:\/\/yoast.com\/product\/yoast-seo-wordpress\/ -->\n<title>\u0130leti\u015fim - Mustafa Sevdim<\/title>\n<meta name=\"robots\" content=\"index, follow, max-snippet:-1, max-image-preview:large, max-video-preview:-1\" \/>\n<link rel=\"canonical\" href=\"https:\/\/www.mustafasevdim.com\/index.php\/contact\/\" \/>\n<meta property=\"og:locale\" content=\"tr_TR\" \/>\n<meta property=\"og:type\" content=\"article\" \/>\n<meta property=\"og:title\" content=\"\u0130leti\u015fim - Mustafa Sevdim\" \/>\n<meta property=\"og:url\" content=\"https:\/\/www.mustafasevdim.com\/index.php\/contact\/\" \/>\n<meta property=\"og:site_name\" content=\"Mustafa Sevdim\" \/>\n<meta property=\"article:modified_time\" content=\"2023-03-18T10:00:17+00:00\" \/>\n<meta name=\"twitter:card\" content=\"summary_large_image\" \/>\n<meta name=\"twitter:label1\" content=\"Tahmini okuma s\u00fcresi\" \/>\n\t<meta name=\"twitter:data1\" content=\"1 dakika\" \/>\n<script type=\"application\/ld+json\" class=\"yoast-schema-graph\">{\"@context\":\"https:\/\/schema.org\",\"@graph\":[{\"@type\":\"WebPage\",\"@id\":\"https:\/\/www.mustafasevdim.com\/index.php\/contact\/\",\"url\":\"https:\/\/www.mustafasevdim.com\/index.php\/contact\/\",\"name\":\"\u0130leti\u015fim - Mustafa Sevdim\",\"isPartOf\":{\"@id\":\"https:\/\/www.mustafasevdim.com\/#website\"},\"datePublished\":\"2009-05-06T16:43:24+00:00\",\"dateModified\":\"2023-03-18T10:00:17+00:00\",\"breadcrumb\":{\"@id\":\"https:\/\/www.mustafasevdim.com\/index.php\/contact\/#breadcrumb\"},\"inLanguage\":\"tr\",\"potentialAction\":[{\"@type\":\"ReadAction\",\"target\":[\"https:\/\/www.mustafasevdim.com\/index.php\/contact\/\"]}]},{\"@type\":\"BreadcrumbList\",\"@id\":\"https:\/\/www.mustafasevdim.com\/index.php\/contact\/#breadcrumb\",\"itemListElement\":[{\"@type\":\"ListItem\",\"position\":1,\"name\":\"Anasayfa\",\"item\":\"https:\/\/www.mustafasevdim.com\/\"},{\"@type\":\"ListItem\",\"position\":2,\"name\":\"\u0130leti\u015fim\"}]},{\"@type\":\"WebSite\",\"@id\":\"https:\/\/www.mustafasevdim.com\/#website\",\"url\":\"https:\/\/www.mustafasevdim.com\/\",\"name\":\"Mustafa Sevdim\",\"description\":\"Foto\u011frafa ve Felsefeye Dair\",\"publisher\":{\"@id\":\"https:\/\/www.mustafasevdim.com\/#\/schema\/person\/956cd8a49c255777884692e385a459a7\"},\"potentialAction\":[{\"@type\":\"SearchAction\",\"target\":{\"@type\":\"EntryPoint\",\"urlTemplate\":\"https:\/\/www.mustafasevdim.com\/?s={search_term_string}\"},\"query-input\":{\"@type\":\"PropertyValueSpecification\",\"valueRequired\":true,\"valueName\":\"search_term_string\"}}],\"inLanguage\":\"tr\"},{\"@type\":[\"Person\",\"Organization\"],\"@id\":\"https:\/\/www.mustafasevdim.com\/#\/schema\/person\/956cd8a49c255777884692e385a459a7\",\"name\":\"Mustafa sevdim\",\"image\":{\"@type\":\"ImageObject\",\"inLanguage\":\"tr\",\"@id\":\"https:\/\/www.mustafasevdim.com\/#\/schema\/person\/image\/\",\"url\":\"https:\/\/www.mustafasevdim.com\/wp-content\/uploads\/2021\/02\/cropped-cropped-M-1.png\",\"contentUrl\":\"https:\/\/www.mustafasevdim.com\/wp-content\/uploads\/2021\/02\/cropped-cropped-M-1.png\",\"width\":225,\"height\":225,\"caption\":\"Mustafa sevdim\"},\"logo\":{\"@id\":\"https:\/\/www.mustafasevdim.com\/#\/schema\/person\/image\/\"}}]}<\/script>\n<!-- \/ Yoast SEO plugin. -->","yoast_head_json":{"title":"\u0130leti\u015fim - Mustafa Sevdim","robots":{"index":"index","follow":"follow","max-snippet":"max-snippet:-1","max-image-preview":"max-image-preview:large","max-video-preview":"max-video-preview:-1"},"canonical":"https:\/\/www.mustafasevdim.com\/index.php\/contact\/","og_locale":"tr_TR","og_type":"article","og_title":"\u0130leti\u015fim - Mustafa Sevdim","og_url":"https:\/\/www.mustafasevdim.com\/index.php\/contact\/","og_site_name":"Mustafa Sevdim","article_modified_time":"2023-03-18T10:00:17+00:00","twitter_card":"summary_large_image","twitter_misc":{"Tahmini okuma s\u00fcresi":"1 dakika"},"schema":{"@context":"https:\/\/schema.org","@graph":[{"@type":"WebPage","@id":"https:\/\/www.mustafasevdim.com\/index.php\/contact\/","url":"https:\/\/www.mustafasevdim.com\/index.php\/contact\/","name":"\u0130leti\u015fim - Mustafa Sevdim","isPartOf":{"@id":"https:\/\/www.mustafasevdim.com\/#website"},"datePublished":"2009-05-06T16:43:24+00:00","dateModified":"2023-03-18T10:00:17+00:00","breadcrumb":{"@id":"https:\/\/www.mustafasevdim.com\/index.php\/contact\/#breadcrumb"},"inLanguage":"tr","potentialAction":[{"@type":"ReadAction","target":["https:\/\/www.mustafasevdim.com\/index.php\/contact\/"]}]},{"@type":"BreadcrumbList","@id":"https:\/\/www.mustafasevdim.com\/index.php\/contact\/#breadcrumb","itemListElement":[{"@type":"ListItem","position":1,"name":"Anasayfa","item":"https:\/\/www.mustafasevdim.com\/"},{"@type":"ListItem","position":2,"name":"\u0130leti\u015fim"}]},{"@type":"WebSite","@id":"https:\/\/www.mustafasevdim.com\/#website","url":"https:\/\/www.mustafasevdim.com\/","name":"Mustafa Sevdim","description":"Foto\u011frafa ve Felsefeye Dair","publisher":{"@id":"https:\/\/www.mustafasevdim.com\/#\/schema\/person\/956cd8a49c255777884692e385a459a7"},"potentialAction":[{"@type":"SearchAction","target":{"@type":"EntryPoint","urlTemplate":"https:\/\/www.mustafasevdim.com\/?s={search_term_string}"},"query-input":{"@type":"PropertyValueSpecification","valueRequired":true,"valueName":"search_term_string"}}],"inLanguage":"tr"},{"@type":["Person","Organization"],"@id":"https:\/\/www.mustafasevdim.com\/#\/schema\/person\/956cd8a49c255777884692e385a459a7","name":"Mustafa sevdim","image":{"@type":"ImageObject","inLanguage":"tr","@id":"https:\/\/www.mustafasevdim.com\/#\/schema\/person\/image\/","url":"https:\/\/www.mustafasevdim.com\/wp-content\/uploads\/2021\/02\/cropped-cropped-M-1.png","contentUrl":"https:\/\/www.mustafasevdim.com\/wp-content\/uploads\/2021\/02\/cropped-cropped-M-1.png","width":225,"height":225,"caption":"Mustafa sevdim"},"logo":{"@id":"https:\/\/www.mustafasevdim.com\/#\/schema\/person\/image\/"}}]}},"jetpack_sharing_enabled":true,"featured_media_urls":[],"_links":{"self":[{"href":"https:\/\/www.mustafasevdim.com\/index.php\/wp-json\/wp\/v2\/pages\/628","targetHints":{"allow":["GET"]}}],"collection":[{"href":"https:\/\/www.mustafasevdim.com\/index.php\/wp-json\/wp\/v2\/pages"}],"about":[{"href":"https:\/\/www.mustafasevdim.com\/index.php\/wp-json\/wp\/v2\/types\/page"}],"author":[{"embeddable":true,"href":"https:\/\/www.mustafasevdim.com\/index.php\/wp-json\/wp\/v2\/users\/1"}],"replies":[{"embeddable":true,"href":"https:\/\/www.mustafasevdim.com\/index.php\/wp-json\/wp\/v2\/comments?post=628"}],"version-history":[{"count":6,"href":"https:\/\/www.mustafasevdim.com\/index.php\/wp-json\/wp\/v2\/pages\/628\/revisions"}],"predecessor-version":[{"id":6941,"href":"https:\/\/www.mustafasevdim.com\/index.php\/wp-json\/wp\/v2\/pages\/628\/revisions\/6941"}],"wp:attachment":[{"href":"https:\/\/www.mustafasevdim.com\/index.php\/wp-json\/wp\/v2\/media?parent=628"}],"curies":[{"name":"wp","href":"https:\/\/api.w.org\/{rel}","templated":true}]}}